{"id":1490,"date":"2026-02-10T09:11:37","date_gmt":"2026-02-10T09:11:37","guid":{"rendered":"https:\/\/atlas-nordicltd.com\/about\/"},"modified":"2026-03-02T07:34:11","modified_gmt":"2026-03-02T07:34:11","slug":"about","status":"publish","type":"page","link":"https:\/\/atlas-nordicltd.com\/da\/about\/","title":{"rendered":"Om os"},"content":{"rendered":"<div data-elementor-type=\"wp-page\" data-elementor-id=\"1490\" class=\"elementor elementor-1490\">\n\t\t\t\t<div class=\"elementor-element elementor-element-a48c2b4 e-con-full e-flex e-con e-parent\" data-id=\"a48c2b4\" data-element_type=\"container\" data-e-type=\"container\">\n\t\t<div class=\"elementor-element elementor-element-760c039 e-flex e-con-boxed e-con e-child\" data-id=\"760c039\" data-element_type=\"container\" data-e-type=\"container\">\n\t\t\t\t\t<div class=\"e-con-inner\">\n\t\t\t\t<div class=\"elementor-element elementor-element-24dd861 elementor-widget elementor-widget-image\" data-id=\"24dd861\" data-element_type=\"widget\" data-e-type=\"widget\" data-widget_type=\"image.default\">\n\t\t\t\t<div class=\"elementor-widget-container\">\n\t\t\t\t\t\t\t\t\t\t\t\t\t\t\t<img fetchpriority=\"high\" decoding=\"async\" width=\"683\" height=\"1024\" src=\"https:\/\/atlas-nordicltd.com\/wp-content\/uploads\/2026\/02\/fb376197-60e3-4e54-b3e2-ffbb5bd232b6-683x1024.jpg\" class=\"attachment-large size-large wp-image-3339\" alt=\"\" srcset=\"https:\/\/atlas-nordicltd.com\/wp-content\/uploads\/2026\/02\/fb376197-60e3-4e54-b3e2-ffbb5bd232b6-683x1024.jpg 683w, https:\/\/atlas-nordicltd.com\/wp-content\/uploads\/2026\/02\/fb376197-60e3-4e54-b3e2-ffbb5bd232b6-200x300.jpg 200w, https:\/\/atlas-nordicltd.com\/wp-content\/uploads\/2026\/02\/fb376197-60e3-4e54-b3e2-ffbb5bd232b6-768x1152.jpg 768w, https:\/\/atlas-nordicltd.com\/wp-content\/uploads\/2026\/02\/fb376197-60e3-4e54-b3e2-ffbb5bd232b6-1024x1536.jpg 1024w, https:\/\/atlas-nordicltd.com\/wp-content\/uploads\/2026\/02\/fb376197-60e3-4e54-b3e2-ffbb5bd232b6-1365x2048.jpg 1365w, https:\/\/atlas-nordicltd.com\/wp-content\/uploads\/2026\/02\/fb376197-60e3-4e54-b3e2-ffbb5bd232b6-scaled.jpg 1706w\" sizes=\"(max-width: 683px) 100vw, 683px\" \/>\t\t\t\t\t\t\t\t\t\t\t\t\t\t\t<\/div>\n\t\t\t\t<\/div>\n\t\t\t\t\t<\/div>\n\t\t\t\t<\/div>\n\t\t<div class=\"elementor-element elementor-element-a0af45f e-flex e-con-boxed e-con e-child\" data-id=\"a0af45f\" data-element_type=\"container\" data-e-type=\"container\">\n\t\t\t\t\t<div class=\"e-con-inner\">\n\t\t\t\t<div class=\"elementor-element elementor-element-51b196b elementor-widget elementor-widget-heading\" data-id=\"51b196b\" data-element_type=\"widget\" data-e-type=\"widget\" data-widget_type=\"heading.default\">\n\t\t\t\t<div class=\"elementor-widget-container\">\n\t\t\t\t\t<h2 class=\"elementor-heading-title elementor-size-default\">Drag fordel af vores viden og erfaring<\/h2>\t\t\t\t<\/div>\n\t\t\t\t<\/div>\n\t\t\t\t<div class=\"elementor-element elementor-element-6f10484 elementor-widget elementor-widget-text-editor\" data-id=\"6f10484\" data-element_type=\"widget\" data-e-type=\"widget\" data-widget_type=\"text-editor.default\">\n\t\t\t\t<div class=\"elementor-widget-container\">\n\t\t\t\t\t\t\t\t\t<p data-path-to-node=\"2\">Atlas Nordic Group er din investeringspartner, n\u00e5r du investerer i fast ejendom internationalt. Vores vision er at g\u00f8re international ejendomsinvestering enkel og profitabel. Vores forretningsmodel g\u00f8r det ligetil at investere, da vi varetager alt fra research og due diligence til papirarbejde og juridiske sp\u00f8rgsm\u00e5l.<\/p><p data-path-to-node=\"3\">Ved at g\u00f8re brug af vores ekspertise og erfaring opn\u00e5r du en betydelig fordel, n\u00e5r du k\u00f8ber ejendom i udlandet. N\u00e5r du k\u00f8ber en bolig i et af vores projekter, tr\u00e6kker du p\u00e5 vores viden og ressourcer, hvilket i mange tilf\u00e6lde giver et bedre fundament for et ejendomsk\u00f8b uden for landets gr\u00e6nser.<\/p><p data-path-to-node=\"4\">K\u00f8b af ejendom i vores projekter betyder, at du bliver ejer af den specifikke bolig med fuld brugsret, udlejningsret og retten til at s\u00e6lge din ejendom. I alle projekter tilbyder vi desuden investorer at lade administration og udlejning varetage af en tredjepart eller, i visse tilf\u00e6lde, af et selskab stiftet specifikt til form\u00e5let. Denne l\u00f8sning g\u00f8r ejendomsk\u00f8bet til en fuldst\u00e6ndig passiv investering.<\/p>\t\t\t\t\t\t\t\t<\/div>\n\t\t\t\t<\/div>\n\t\t\t\t\t<\/div>\n\t\t\t\t<\/div>\n\t\t\t\t<\/div>\n\t\t<div class=\"elementor-element elementor-element-567719e e-con-full e-flex e-con e-parent\" data-id=\"567719e\" data-element_type=\"container\" data-e-type=\"container\">\n\t\t<div class=\"elementor-element elementor-element-5a834a6 e-grid e-con-full e-con e-child\" data-id=\"5a834a6\" data-element_type=\"container\" data-e-type=\"container\">\n\t\t<div class=\"elementor-element elementor-element-d3a0120 e-con-full e-flex e-con e-child\" data-id=\"d3a0120\" data-element_type=\"container\" data-e-type=\"container\">\n\t\t\t\t<div class=\"elementor-element elementor-element-a7a65e6 elementor-widget elementor-widget-heading\" data-id=\"a7a65e6\" data-element_type=\"widget\" data-e-type=\"widget\" data-widget_type=\"heading.default\">\n\t\t\t\t<div class=\"elementor-widget-container\">\n\t\t\t\t\t<h2 class=\"elementor-heading-title elementor-size-default\">Ejendomsm\u00e6glere<\/h2>\t\t\t\t<\/div>\n\t\t\t\t<\/div>\n\t\t\t\t<div class=\"elementor-element elementor-element-d4b5e12 elementor-widget elementor-widget-text-editor\" data-id=\"d4b5e12\" data-element_type=\"widget\" data-e-type=\"widget\" data-widget_type=\"text-editor.default\">\n\t\t\t\t<div class=\"elementor-widget-container\">\n\t\t\t\t\t\t\t\t\t<p data-path-to-node=\"7\">Vores team af m\u00e6glere er kernen i vores salgsdivision, som er den absolut st\u00f8rste afdeling i virksomheden. De er det prim\u00e6re kontaktpunkt for vores klienter, og alle klienter tildeles deres egen personlige m\u00e6gler.<\/p><p data-path-to-node=\"8\">Vores m\u00e6glere har vidt forskellige baggrunde og nationaliteter, men de deler alle et f\u00e6lles m\u00e5l: Resultater. Deres mentalitet og tilgang er fuldst\u00e6ndig afstemt med det ansvar, der f\u00f8lger med deres position i virksomheden.<\/p>\t\t\t\t\t\t\t\t<\/div>\n\t\t\t\t<\/div>\n\t\t\t\t<\/div>\n\t\t<div class=\"elementor-element elementor-element-d1ab25c e-con-full e-flex e-con e-child\" data-id=\"d1ab25c\" data-element_type=\"container\" data-e-type=\"container\">\n\t\t\t\t<div class=\"elementor-element elementor-element-7035284 elementor-widget elementor-widget-image\" data-id=\"7035284\" data-element_type=\"widget\" data-e-type=\"widget\" data-widget_type=\"image.default\">\n\t\t\t\t<div class=\"elementor-widget-container\">\n\t\t\t\t\t\t\t\t\t\t\t\t\t\t\t<img decoding=\"async\" width=\"683\" height=\"1024\" src=\"https:\/\/atlas-nordicltd.com\/wp-content\/uploads\/2026\/02\/7dc72c29-8f39-4313-888e-24553acf2963-683x1024.jpg\" class=\"attachment-large size-large wp-image-3340\" alt=\"\" srcset=\"https:\/\/atlas-nordicltd.com\/wp-content\/uploads\/2026\/02\/7dc72c29-8f39-4313-888e-24553acf2963-683x1024.jpg 683w, https:\/\/atlas-nordicltd.com\/wp-content\/uploads\/2026\/02\/7dc72c29-8f39-4313-888e-24553acf2963-200x300.jpg 200w, https:\/\/atlas-nordicltd.com\/wp-content\/uploads\/2026\/02\/7dc72c29-8f39-4313-888e-24553acf2963-768x1152.jpg 768w, https:\/\/atlas-nordicltd.com\/wp-content\/uploads\/2026\/02\/7dc72c29-8f39-4313-888e-24553acf2963-1024x1536.jpg 1024w, https:\/\/atlas-nordicltd.com\/wp-content\/uploads\/2026\/02\/7dc72c29-8f39-4313-888e-24553acf2963-1365x2048.jpg 1365w, https:\/\/atlas-nordicltd.com\/wp-content\/uploads\/2026\/02\/7dc72c29-8f39-4313-888e-24553acf2963-scaled.jpg 1707w\" sizes=\"(max-width: 683px) 100vw, 683px\" \/>\t\t\t\t\t\t\t\t\t\t\t\t\t\t\t<\/div>\n\t\t\t\t<\/div>\n\t\t\t\t<\/div>\n\t\t<div class=\"elementor-element elementor-element-67fee04 e-con-full e-flex e-con e-child\" data-id=\"67fee04\" data-element_type=\"container\" data-e-type=\"container\">\n\t\t\t\t<div class=\"elementor-element elementor-element-59e5b87 elementor-widget elementor-widget-image\" data-id=\"59e5b87\" data-element_type=\"widget\" data-e-type=\"widget\" data-widget_type=\"image.default\">\n\t\t\t\t<div class=\"elementor-widget-container\">\n\t\t\t\t\t\t\t\t\t\t\t\t\t\t\t<img decoding=\"async\" width=\"683\" height=\"1024\" src=\"https:\/\/atlas-nordicltd.com\/wp-content\/uploads\/2026\/02\/3be7f85c-30e0-466d-b93f-7ae3cee9ab63-683x1024.jpg\" class=\"attachment-large size-large wp-image-3341\" alt=\"\" srcset=\"https:\/\/atlas-nordicltd.com\/wp-content\/uploads\/2026\/02\/3be7f85c-30e0-466d-b93f-7ae3cee9ab63-683x1024.jpg 683w, https:\/\/atlas-nordicltd.com\/wp-content\/uploads\/2026\/02\/3be7f85c-30e0-466d-b93f-7ae3cee9ab63-200x300.jpg 200w, https:\/\/atlas-nordicltd.com\/wp-content\/uploads\/2026\/02\/3be7f85c-30e0-466d-b93f-7ae3cee9ab63-768x1151.jpg 768w, https:\/\/atlas-nordicltd.com\/wp-content\/uploads\/2026\/02\/3be7f85c-30e0-466d-b93f-7ae3cee9ab63-1025x1536.jpg 1025w, https:\/\/atlas-nordicltd.com\/wp-content\/uploads\/2026\/02\/3be7f85c-30e0-466d-b93f-7ae3cee9ab63-1367x2048.jpg 1367w, https:\/\/atlas-nordicltd.com\/wp-content\/uploads\/2026\/02\/3be7f85c-30e0-466d-b93f-7ae3cee9ab63-scaled.jpg 1709w\" sizes=\"(max-width: 683px) 100vw, 683px\" \/>\t\t\t\t\t\t\t\t\t\t\t\t\t\t\t<\/div>\n\t\t\t\t<\/div>\n\t\t\t\t<\/div>\n\t\t<div class=\"elementor-element elementor-element-940619a e-con-full e-flex e-con e-child\" data-id=\"940619a\" data-element_type=\"container\" data-e-type=\"container\">\n\t\t\t\t<div class=\"elementor-element elementor-element-ce96cd2 elementor-widget elementor-widget-heading\" data-id=\"ce96cd2\" data-element_type=\"widget\" data-e-type=\"widget\" data-widget_type=\"heading.default\">\n\t\t\t\t<div class=\"elementor-widget-container\">\n\t\t\t\t\t<h2 class=\"elementor-heading-title elementor-size-default\">Analytiker<\/h2>\t\t\t\t<\/div>\n\t\t\t\t<\/div>\n\t\t\t\t<div class=\"elementor-element elementor-element-c5a9fbf elementor-widget elementor-widget-text-editor\" data-id=\"c5a9fbf\" data-element_type=\"widget\" data-e-type=\"widget\" data-widget_type=\"text-editor.default\">\n\t\t\t\t<div class=\"elementor-widget-container\">\n\t\t\t\t\t\t\t\t\t<p data-path-to-node=\"11\"><span class=\"\">Vores analytikere udf\u00f8rer en kritisk opgave med at researche og identificere de bedste markeder samt de mest lovende ejendomsprojekter.<\/span><\/p><p data-path-to-node=\"12\"><span class=\"\">Vores analytikere arbejder i t\u00e6t kontakt med ejendomsm\u00e6glere og andre n\u00f8glepersoner inden for ejendomsbranchen.<\/span><span class=\"\"> De har adgang til enorme m\u00e6ngder data fra forskellige ejendomsmarkeder, som de gransker n\u00f8je for at finde de bedste investeringsmuligheder.<\/span><\/p>\t\t\t\t\t\t\t\t<\/div>\n\t\t\t\t<\/div>\n\t\t\t\t<\/div>\n\t\t<div class=\"elementor-element elementor-element-6868729 e-con-full e-flex e-con e-child\" data-id=\"6868729\" data-element_type=\"container\" data-e-type=\"container\">\n\t\t\t\t<div class=\"elementor-element elementor-element-837f1ec elementor-widget elementor-widget-heading\" data-id=\"837f1ec\" data-element_type=\"widget\" data-e-type=\"widget\" data-widget_type=\"heading.default\">\n\t\t\t\t<div class=\"elementor-widget-container\">\n\t\t\t\t\t<h2 class=\"elementor-heading-title elementor-size-default\">Administration<\/h2>\t\t\t\t<\/div>\n\t\t\t\t<\/div>\n\t\t\t\t<div class=\"elementor-element elementor-element-80fbd6f elementor-widget elementor-widget-text-editor\" data-id=\"80fbd6f\" data-element_type=\"widget\" data-e-type=\"widget\" data-widget_type=\"text-editor.default\">\n\t\t\t\t<div class=\"elementor-widget-container\">\n\t\t\t\t\t\t\t\t\t<p data-path-to-node=\"15\">Det administrative team varetager alle opgaver, der ikke er direkte relateret til salg, analyse eller ledelse \u2013 hvilket naturligvis udg\u00f8r en betydelig m\u00e6ngde opgaver.<\/p><p data-path-to-node=\"16\">Teamet best\u00e5r af en administrationschef og en h\u00e5ndfuld administrative assistenter. Hvert medlem af teamet har sit eget ansvarsomr\u00e5de. De er n\u00f8je udvalgt p\u00e5 baggrund af deres individuelle kompetencer, som har kvalificeret dem til deres specifikke roller i virksomheden.<\/p>\t\t\t\t\t\t\t\t<\/div>\n\t\t\t\t<\/div>\n\t\t\t\t<\/div>\n\t\t<div class=\"elementor-element elementor-element-a199f1e e-con-full e-flex e-con e-child\" data-id=\"a199f1e\" data-element_type=\"container\" data-e-type=\"container\">\n\t\t\t\t<div class=\"elementor-element elementor-element-5281f8d elementor-widget elementor-widget-image\" data-id=\"5281f8d\" data-element_type=\"widget\" data-e-type=\"widget\" data-widget_type=\"image.default\">\n\t\t\t\t<div class=\"elementor-widget-container\">\n\t\t\t\t\t\t\t\t\t\t\t\t\t\t\t<img loading=\"lazy\" decoding=\"async\" width=\"683\" height=\"1024\" src=\"https:\/\/atlas-nordicltd.com\/wp-content\/uploads\/2026\/02\/acab5a27-594a-4601-aee9-271fc2687e67-683x1024.jpg\" class=\"attachment-large size-large wp-image-3342\" alt=\"\" srcset=\"https:\/\/atlas-nordicltd.com\/wp-content\/uploads\/2026\/02\/acab5a27-594a-4601-aee9-271fc2687e67-683x1024.jpg 683w, https:\/\/atlas-nordicltd.com\/wp-content\/uploads\/2026\/02\/acab5a27-594a-4601-aee9-271fc2687e67-200x300.jpg 200w, https:\/\/atlas-nordicltd.com\/wp-content\/uploads\/2026\/02\/acab5a27-594a-4601-aee9-271fc2687e67-768x1152.jpg 768w, https:\/\/atlas-nordicltd.com\/wp-content\/uploads\/2026\/02\/acab5a27-594a-4601-aee9-271fc2687e67-1024x1536.jpg 1024w, https:\/\/atlas-nordicltd.com\/wp-content\/uploads\/2026\/02\/acab5a27-594a-4601-aee9-271fc2687e67-1365x2048.jpg 1365w, https:\/\/atlas-nordicltd.com\/wp-content\/uploads\/2026\/02\/acab5a27-594a-4601-aee9-271fc2687e67-scaled.jpg 1707w\" sizes=\"(max-width: 683px) 100vw, 683px\" \/>\t\t\t\t\t\t\t\t\t\t\t\t\t\t\t<\/div>\n\t\t\t\t<\/div>\n\t\t\t\t<\/div>\n\t\t\t\t<\/div>\n\t\t\t\t<\/div>\n\t\t\t\t<\/div>","protected":false},"excerpt":{"rendered":"<p>Take advantage of our knowledge and experience Atlas Nordic Group is real estate\u00a0 investment partners when investing in real estate internationally. Our vision is to make international real estate investing easy and profitable. Our business model makes it straightforward to invest as we handle all the research, due diligence, paperwork, legal questions, etc. Making use [&hellip;]<\/p>\n","protected":false},"author":1,"featured_media":0,"parent":0,"menu_order":0,"comment_status":"closed","ping_status":"closed","template":"elementor_header_footer","meta":{"_uag_custom_page_level_css":"","site-sidebar-layout":"no-sidebar","site-content-layout":"page-builder","ast-site-content-layout":"full-width-container","site-content-style":"unboxed","site-sidebar-style":"unboxed","ast-global-header-display":"","ast-banner-title-visibility":"","ast-main-header-display":"","ast-hfb-above-header-display":"","ast-hfb-below-header-display":"","ast-hfb-mobile-header-display":"","site-post-title":"disabled","ast-breadcrumbs-content":"","ast-featured-img":"disabled","footer-sml-layout":"","ast-disable-related-posts":"","theme-transparent-header-meta":"disabled","adv-header-id-meta":"","stick-header-meta":"","header-above-stick-meta":"","header-main-stick-meta":"","header-below-stick-meta":"","astra-migrate-meta-layouts":"set","ast-page-background-enabled":"default","ast-page-background-meta":{"desktop":{"background-color":"","background-image":"","background-repeat":"repeat","background-position":"center center","background-size":"auto","background-attachment":"scroll","background-type":"","background-media":"","overlay-type":"","overlay-color":"","overlay-opacity":"","overlay-gradient":""},"tablet":{"background-color":"","background-image":"","background-repeat":"repeat","background-position":"center center","background-size":"auto","background-attachment":"scroll","background-type":"","background-media":"","overlay-type":"","overlay-color":"","overlay-opacity":"","overlay-gradient":""},"mobile":{"background-color":"","background-image":"","background-repeat":"repeat","background-position":"center center","background-size":"auto","background-attachment":"scroll","background-type":"","background-media":"","overlay-type":"","overlay-color":"","overlay-opacity":"","overlay-gradient":""}},"ast-content-background-meta":{"desktop":{"background-color":"var(--ast-global-color-5)","background-image":"","background-repeat":"repeat","background-position":"center center","background-size":"auto","background-attachment":"scroll","background-type":"","background-media":"","overlay-type":"","overlay-color":"","overlay-opacity":"","overlay-gradient":""},"tablet":{"background-color":"var(--ast-global-color-5)","background-image":"","background-repeat":"repeat","background-position":"center center","background-size":"auto","background-attachment":"scroll","background-type":"","background-media":"","overlay-type":"","overlay-color":"","overlay-opacity":"","overlay-gradient":""},"mobile":{"background-color":"var(--ast-global-color-5)","background-image":"","background-repeat":"repeat","background-position":"center center","background-size":"auto","background-attachment":"scroll","background-type":"","background-media":"","overlay-type":"","overlay-color":"","overlay-opacity":"","overlay-gradient":""}},"footnotes":""},"class_list":["post-1490","page","type-page","status-publish","hentry"],"aioseo_notices":[],"_hostinger_reach_plugin_has_subscription_block":false,"_hostinger_reach_plugin_is_elementor":false,"uagb_featured_image_src":{"full":false,"thumbnail":false,"medium":false,"medium_large":false,"large":false,"1536x1536":false,"2048x2048":false,"trp-custom-language-flag":false},"uagb_author_info":{"display_name":"nielsengroupph@gmail.com","author_link":"https:\/\/atlas-nordicltd.com\/da\/author\/nielsengroupphgmail-com\/"},"uagb_comment_info":0,"uagb_excerpt":"Take advantage of our knowledge and experience Atlas Nordic Group is real estate\u00a0 investment partners when investing in real estate internationally. Our vision is to make international real estate investing easy and profitable. Our business model makes it straightforward to invest as we handle all the research, due diligence, paperwork, legal questions, etc. Making use&hellip;","_links":{"self":[{"href":"https:\/\/atlas-nordicltd.com\/da\/wp-json\/wp\/v2\/pages\/1490","targetHints":{"allow":["GET"]}}],"collection":[{"href":"https:\/\/atlas-nordicltd.com\/da\/wp-json\/wp\/v2\/pages"}],"about":[{"href":"https:\/\/atlas-nordicltd.com\/da\/wp-json\/wp\/v2\/types\/page"}],"author":[{"embeddable":true,"href":"https:\/\/atlas-nordicltd.com\/da\/wp-json\/wp\/v2\/users\/1"}],"replies":[{"embeddable":true,"href":"https:\/\/atlas-nordicltd.com\/da\/wp-json\/wp\/v2\/comments?post=1490"}],"version-history":[{"count":17,"href":"https:\/\/atlas-nordicltd.com\/da\/wp-json\/wp\/v2\/pages\/1490\/revisions"}],"predecessor-version":[{"id":3471,"href":"https:\/\/atlas-nordicltd.com\/da\/wp-json\/wp\/v2\/pages\/1490\/revisions\/3471"}],"wp:attachment":[{"href":"https:\/\/atlas-nordicltd.com\/da\/wp-json\/wp\/v2\/media?parent=1490"}],"curies":[{"name":"wp","href":"https:\/\/api.w.org\/{rel}","templated":true}]}}