{"id":1492,"date":"2026-02-10T09:11:37","date_gmt":"2026-02-10T09:11:37","guid":{"rendered":"https:\/\/atlas-nordicltd.com\/services\/"},"modified":"2026-03-03T07:52:37","modified_gmt":"2026-03-03T07:52:37","slug":"career","status":"publish","type":"page","link":"https:\/\/atlas-nordicltd.com\/da\/career\/","title":{"rendered":"Karriere"},"content":{"rendered":"<div data-elementor-type=\"wp-page\" data-elementor-id=\"1492\" class=\"elementor elementor-1492\">\n\t\t\t\t<div class=\"elementor-element elementor-element-c4d1bef e-con-full e-flex e-con e-parent\" data-id=\"c4d1bef\" data-element_type=\"container\" data-e-type=\"container\">\n\t\t<div class=\"elementor-element elementor-element-25ba2fd e-flex e-con-boxed e-con e-child\" data-id=\"25ba2fd\" data-element_type=\"container\" data-e-type=\"container\">\n\t\t\t\t\t<div class=\"e-con-inner\">\n\t\t\t\t<div class=\"elementor-element elementor-element-7fa9afc elementor-widget elementor-widget-heading\" data-id=\"7fa9afc\" data-element_type=\"widget\" data-e-type=\"widget\" data-widget_type=\"heading.default\">\n\t\t\t\t<div class=\"elementor-widget-container\">\n\t\t\t\t\t<h2 class=\"elementor-heading-title elementor-size-default\">Klar til en ny karriere?<\/h2>\t\t\t\t<\/div>\n\t\t\t\t<\/div>\n\t\t\t\t<div class=\"elementor-element elementor-element-1b8b98b elementor-widget elementor-widget-text-editor\" data-id=\"1b8b98b\" data-element_type=\"widget\" data-e-type=\"widget\" data-widget_type=\"text-editor.default\">\n\t\t\t\t<div class=\"elementor-widget-container\">\n\t\t\t\t\t\t\t\t\t<p>Vi er altid p\u00e5 udkig efter nye talenter til vores engagerede team. Alle ans\u00f8gninger, herunder uopfordrede ans\u00f8gninger sendt med CV til all@atlas-nordic.com, behandles af vores HR-afdeling, som st\u00e5r for screening og interviews.<\/p>\t\t\t\t\t\t\t\t<\/div>\n\t\t\t\t<\/div>\n\t\t\t\t\t<\/div>\n\t\t\t\t<\/div>\n\t\t<div class=\"elementor-element elementor-element-5125b1d e-flex e-con-boxed e-con e-child\" data-id=\"5125b1d\" data-element_type=\"container\" data-e-type=\"container\">\n\t\t\t\t\t<div class=\"e-con-inner\">\n\t\t<div class=\"elementor-element elementor-element-21e3b09 e-grid e-con-full e-con e-child\" data-id=\"21e3b09\" data-element_type=\"container\" data-e-type=\"container\">\n\t\t<div class=\"elementor-element elementor-element-0c3b09c e-con-full e-flex e-con e-child\" data-id=\"0c3b09c\" data-element_type=\"container\" data-e-type=\"container\">\n\t\t\t\t<div class=\"elementor-element elementor-element-9dc8aa6 elementor-widget elementor-widget-image\" data-id=\"9dc8aa6\" data-element_type=\"widget\" data-e-type=\"widget\" data-widget_type=\"image.default\">\n\t\t\t\t<div class=\"elementor-widget-container\">\n\t\t\t\t\t\t\t\t\t\t\t\t\t\t\t<img fetchpriority=\"high\" decoding=\"async\" width=\"1024\" height=\"576\" src=\"https:\/\/atlas-nordicltd.com\/wp-content\/uploads\/2026\/02\/2e478f61-30ff-4148-85a9-f81ea91ab099-1024x576.jpg\" class=\"attachment-large size-large wp-image-3354\" alt=\"\" srcset=\"https:\/\/atlas-nordicltd.com\/wp-content\/uploads\/2026\/02\/2e478f61-30ff-4148-85a9-f81ea91ab099-1024x576.jpg 1024w, https:\/\/atlas-nordicltd.com\/wp-content\/uploads\/2026\/02\/2e478f61-30ff-4148-85a9-f81ea91ab099-300x169.jpg 300w, https:\/\/atlas-nordicltd.com\/wp-content\/uploads\/2026\/02\/2e478f61-30ff-4148-85a9-f81ea91ab099-768x432.jpg 768w, https:\/\/atlas-nordicltd.com\/wp-content\/uploads\/2026\/02\/2e478f61-30ff-4148-85a9-f81ea91ab099-1536x864.jpg 1536w, https:\/\/atlas-nordicltd.com\/wp-content\/uploads\/2026\/02\/2e478f61-30ff-4148-85a9-f81ea91ab099-2048x1152.jpg 2048w\" sizes=\"(max-width: 1024px) 100vw, 1024px\" \/>\t\t\t\t\t\t\t\t\t\t\t\t\t\t\t<\/div>\n\t\t\t\t<\/div>\n\t\t\t\t<\/div>\n\t\t<div class=\"elementor-element elementor-element-dc51345 e-con-full e-flex e-con e-child\" data-id=\"dc51345\" data-element_type=\"container\" data-e-type=\"container\">\n\t\t\t\t<div class=\"elementor-element elementor-element-6dfd2a1 elementor-widget elementor-widget-image\" data-id=\"6dfd2a1\" data-element_type=\"widget\" data-e-type=\"widget\" data-widget_type=\"image.default\">\n\t\t\t\t<div class=\"elementor-widget-container\">\n\t\t\t\t\t\t\t\t\t\t\t\t\t\t\t<img decoding=\"async\" width=\"2560\" height=\"1440\" src=\"https:\/\/atlas-nordicltd.com\/wp-content\/uploads\/2026\/03\/vitaly-gariev-h6VnEQ6teHg-unsplash-scaled.jpg\" class=\"attachment-full size-full wp-image-3505\" alt=\"\" srcset=\"https:\/\/atlas-nordicltd.com\/wp-content\/uploads\/2026\/03\/vitaly-gariev-h6VnEQ6teHg-unsplash-scaled.jpg 2560w, https:\/\/atlas-nordicltd.com\/wp-content\/uploads\/2026\/03\/vitaly-gariev-h6VnEQ6teHg-unsplash-300x169.jpg 300w, https:\/\/atlas-nordicltd.com\/wp-content\/uploads\/2026\/03\/vitaly-gariev-h6VnEQ6teHg-unsplash-1024x576.jpg 1024w, https:\/\/atlas-nordicltd.com\/wp-content\/uploads\/2026\/03\/vitaly-gariev-h6VnEQ6teHg-unsplash-768x432.jpg 768w, https:\/\/atlas-nordicltd.com\/wp-content\/uploads\/2026\/03\/vitaly-gariev-h6VnEQ6teHg-unsplash-1536x864.jpg 1536w, https:\/\/atlas-nordicltd.com\/wp-content\/uploads\/2026\/03\/vitaly-gariev-h6VnEQ6teHg-unsplash-2048x1152.jpg 2048w\" sizes=\"(max-width: 2560px) 100vw, 2560px\" \/>\t\t\t\t\t\t\t\t\t\t\t\t\t\t\t<\/div>\n\t\t\t\t<\/div>\n\t\t\t\t<\/div>\n\t\t<div class=\"elementor-element elementor-element-cc42eeb e-con-full e-flex e-con e-child\" data-id=\"cc42eeb\" data-element_type=\"container\" data-e-type=\"container\">\n\t\t\t\t<div class=\"elementor-element elementor-element-c5af137 elementor-widget elementor-widget-image\" data-id=\"c5af137\" data-element_type=\"widget\" data-e-type=\"widget\" data-widget_type=\"image.default\">\n\t\t\t\t<div class=\"elementor-widget-container\">\n\t\t\t\t\t\t\t\t\t\t\t\t\t\t\t<img decoding=\"async\" width=\"1024\" height=\"683\" src=\"https:\/\/atlas-nordicltd.com\/wp-content\/uploads\/2026\/02\/0f5c8c75-6f76-4ad3-9213-78ab47d71141-1024x683.jpg\" class=\"attachment-large size-large wp-image-3351\" alt=\"\" srcset=\"https:\/\/atlas-nordicltd.com\/wp-content\/uploads\/2026\/02\/0f5c8c75-6f76-4ad3-9213-78ab47d71141-1024x683.jpg 1024w, https:\/\/atlas-nordicltd.com\/wp-content\/uploads\/2026\/02\/0f5c8c75-6f76-4ad3-9213-78ab47d71141-300x200.jpg 300w, https:\/\/atlas-nordicltd.com\/wp-content\/uploads\/2026\/02\/0f5c8c75-6f76-4ad3-9213-78ab47d71141-768x512.jpg 768w, https:\/\/atlas-nordicltd.com\/wp-content\/uploads\/2026\/02\/0f5c8c75-6f76-4ad3-9213-78ab47d71141-1536x1024.jpg 1536w, https:\/\/atlas-nordicltd.com\/wp-content\/uploads\/2026\/02\/0f5c8c75-6f76-4ad3-9213-78ab47d71141-2048x1365.jpg 2048w\" sizes=\"(max-width: 1024px) 100vw, 1024px\" \/>\t\t\t\t\t\t\t\t\t\t\t\t\t\t\t<\/div>\n\t\t\t\t<\/div>\n\t\t\t\t<\/div>\n\t\t\t\t<\/div>\n\t\t\t\t\t<\/div>\n\t\t\t\t<\/div>\n\t\t\t\t<\/div>\n\t\t<div class=\"elementor-element elementor-element-37ec6d5 e-con-full e-flex e-con e-parent\" data-id=\"37ec6d5\" data-element_type=\"container\" data-e-type=\"container\">\n\t\t<div class=\"elementor-element elementor-element-ab25bfc e-flex e-con-boxed e-con e-child\" data-id=\"ab25bfc\" data-element_type=\"container\" data-e-type=\"container\">\n\t\t\t\t\t<div class=\"e-con-inner\">\n\t\t\t\t<div class=\"elementor-element elementor-element-9cf7e9a elementor-widget elementor-widget-heading\" data-id=\"9cf7e9a\" data-element_type=\"widget\" data-e-type=\"widget\" data-widget_type=\"heading.default\">\n\t\t\t\t<div class=\"elementor-widget-container\">\n\t\t\t\t\t<h2 class=\"elementor-heading-title elementor-size-default\">Aktuelle stillingsopslag<\/h2>\t\t\t\t<\/div>\n\t\t\t\t<\/div>\n\t\t\t\t\t<\/div>\n\t\t\t\t<\/div>\n\t\t<div class=\"elementor-element elementor-element-52d392c e-flex e-con-boxed e-con e-child\" data-id=\"52d392c\" data-element_type=\"container\" data-e-type=\"container\">\n\t\t\t\t\t<div class=\"e-con-inner\">\n\t\t\t\t<div class=\"elementor-element elementor-element-79400f8 elementor-widget elementor-widget-n-accordion\" data-id=\"79400f8\" data-element_type=\"widget\" data-e-type=\"widget\" data-settings=\"{&quot;default_state&quot;:&quot;expanded&quot;,&quot;max_items_expended&quot;:&quot;one&quot;,&quot;n_accordion_animation_duration&quot;:{&quot;unit&quot;:&quot;ms&quot;,&quot;size&quot;:400,&quot;sizes&quot;:[]}}\" data-widget_type=\"nested-accordion.default\">\n\t\t\t\t<div class=\"elementor-widget-container\">\n\t\t\t\t\t\t\t<div class=\"e-n-accordion\" aria-label=\"Accordion. Open links with Enter or Space, close with Escape, and navigate with Arrow Keys\">\n\t\t\t\t\t\t<details id=\"e-n-accordion-item-1270\" class=\"e-n-accordion-item\" open>\n\t\t\t\t<summary class=\"e-n-accordion-item-title\" data-accordion-index=\"1\" tabindex=\"0\" aria-expanded=\"true\" aria-controls=\"e-n-accordion-item-1270\" >\n\t\t\t\t\t<span class='e-n-accordion-item-title-header'><div class=\"e-n-accordion-item-title-text\"> Kundeansvarlige (KAM) <\/div><\/span>\n\t\t\t\t\t\t\t<span class='e-n-accordion-item-title-icon'>\n\t\t\t<span class='e-opened' ><svg aria-hidden=\"true\" class=\"e-font-icon-svg e-fas-minus\" viewbox=\"0 0 448 512\" xmlns=\"http:\/\/www.w3.org\/2000\/svg\"><path d=\"M416 208H32c-17.67 0-32 14.33-32 32v32c0 17.67 14.33 32 32 32h384c17.67 0 32-14.33 32-32v-32c0-17.67-14.33-32-32-32z\"><\/path><\/svg><\/span>\n\t\t\t<span class='e-closed'><svg aria-hidden=\"true\" class=\"e-font-icon-svg e-fas-plus\" viewbox=\"0 0 448 512\" xmlns=\"http:\/\/www.w3.org\/2000\/svg\"><path d=\"M416 208H272V64c0-17.67-14.33-32-32-32h-32c-17.67 0-32 14.33-32 32v144H32c-17.67 0-32 14.33-32 32v32c0 17.67 14.33 32 32 32h144v144c0 17.67 14.33 32 32 32h32c17.67 0 32-14.33 32-32V304h144c17.67 0 32-14.33 32-32v-32c0-17.67-14.33-32-32-32z\"><\/path><\/svg><\/span>\n\t\t<\/span>\n\n\t\t\t\t\t\t<\/summary>\n\t\t\t\t<div role=\"region\" aria-labelledby=\"e-n-accordion-item-1270\" class=\"elementor-element elementor-element-d06225f e-con-full e-flex e-con e-child\" data-id=\"d06225f\" data-element_type=\"container\" data-e-type=\"container\">\n\t\t<div role=\"region\" aria-labelledby=\"e-n-accordion-item-1270\" class=\"elementor-element elementor-element-5d9222c e-flex e-con-boxed e-con e-child\" data-id=\"5d9222c\" data-element_type=\"container\" data-e-type=\"container\">\n\t\t\t\t\t<div class=\"e-con-inner\">\n\t\t\t\t<div class=\"elementor-element elementor-element-e098b07 elementor-widget elementor-widget-text-editor\" data-id=\"e098b07\" data-element_type=\"widget\" data-e-type=\"widget\" data-widget_type=\"text-editor.default\">\n\t\t\t\t<div class=\"elementor-widget-container\">\n\t\t\t\t\t\t\t\t\t<p data-path-to-node=\"1\"><b data-path-to-node=\"1\" data-index-in-node=\"0\">Ledige stillinger p\u00e5 vores kontorer i Dubai og Manila<\/b><\/p><p data-path-to-node=\"2\">I denne stilling vil du arbejde som m\u00e6gler med visse kundeserviceopgaver. Rollen er resultatorienteret, og din prim\u00e6re opgave er at sikre, at vores virksomhed lever op til sit ry for at v\u00e6re blandt de bedste til at identificere unikke muligheder p\u00e5 forskellige internationale ejendomsmarkeder. Selve m\u00e6glervirksomheden best\u00e5r prim\u00e6rt i at ops\u00f8ge nye kunder via telefon og e-mail.<\/p><ul data-path-to-node=\"3\"><li><p data-path-to-node=\"3,0,0\">Ops\u00f8ge nye kunder via telefon og e-mail<\/p><\/li><li><p data-path-to-node=\"3,1,0\">Opbygge langsigtede relationer med kunder<\/p><\/li><li><p data-path-to-node=\"3,2,0\">Fastholde kunder for at opbygge og v\u00e6kste din portef\u00f8lje<\/p><\/li><li><p data-path-to-node=\"3,3,0\">Behandl hver klient som en mulighed for mersalg<\/p><\/li><li><p data-path-to-node=\"3,4,0\">Yde kundeservice i verdensklasse til alle klienter<\/p><\/li><\/ul><p data-path-to-node=\"4\"><strong>Alle ans\u00f8gninger skal fremsendes til: all@atlas-nordic.com<\/strong><\/p>\t\t\t\t\t\t\t\t<\/div>\n\t\t\t\t<\/div>\n\t\t\t\t\t<\/div>\n\t\t\t\t<\/div>\n\t\t\t\t<\/div>\n\t\t\t\t\t<\/details>\n\t\t\t\t\t\t<details id=\"e-n-accordion-item-1271\" class=\"e-n-accordion-item\" >\n\t\t\t\t<summary class=\"e-n-accordion-item-title\" data-accordion-index=\"2\" tabindex=\"-1\" aria-expanded=\"false\" aria-controls=\"e-n-accordion-item-1271\" >\n\t\t\t\t\t<span class='e-n-accordion-item-title-header'><div class=\"e-n-accordion-item-title-text\"> Markedsanalytiker <\/div><\/span>\n\t\t\t\t\t\t\t<span class='e-n-accordion-item-title-icon'>\n\t\t\t<span class='e-opened' ><svg aria-hidden=\"true\" class=\"e-font-icon-svg e-fas-minus\" viewbox=\"0 0 448 512\" xmlns=\"http:\/\/www.w3.org\/2000\/svg\"><path d=\"M416 208H32c-17.67 0-32 14.33-32 32v32c0 17.67 14.33 32 32 32h384c17.67 0 32-14.33 32-32v-32c0-17.67-14.33-32-32-32z\"><\/path><\/svg><\/span>\n\t\t\t<span class='e-closed'><svg aria-hidden=\"true\" class=\"e-font-icon-svg e-fas-plus\" viewbox=\"0 0 448 512\" xmlns=\"http:\/\/www.w3.org\/2000\/svg\"><path d=\"M416 208H272V64c0-17.67-14.33-32-32-32h-32c-17.67 0-32 14.33-32 32v144H32c-17.67 0-32 14.33-32 32v32c0 17.67 14.33 32 32 32h144v144c0 17.67 14.33 32 32 32h32c17.67 0 32-14.33 32-32V304h144c17.67 0 32-14.33 32-32v-32c0-17.67-14.33-32-32-32z\"><\/path><\/svg><\/span>\n\t\t<\/span>\n\n\t\t\t\t\t\t<\/summary>\n\t\t\t\t<div role=\"region\" aria-labelledby=\"e-n-accordion-item-1271\" class=\"elementor-element elementor-element-65f1ae2 e-con-full e-flex e-con e-child\" data-id=\"65f1ae2\" data-element_type=\"container\" data-e-type=\"container\">\n\t\t\t\t<div class=\"elementor-element elementor-element-1f62b04 elementor-widget elementor-widget-text-editor\" data-id=\"1f62b04\" data-element_type=\"widget\" data-e-type=\"widget\" data-widget_type=\"text-editor.default\">\n\t\t\t\t<div class=\"elementor-widget-container\">\n\t\t\t\t\t\t\t\t\t<p data-path-to-node=\"4\"><b data-path-to-node=\"4\" data-index-in-node=\"0\">Ledige stillinger p\u00e5 vores kontorer i Dubai og Manila<\/b><\/p><p data-path-to-node=\"5\">I denne stilling vil du v\u00e6re ansvarlig for at identificere og evaluere nye tendenser p\u00e5 de internationale ejendomsmarkeder. Din prim\u00e6re opgave er at levere de datadrevne indsigter, der g\u00f8r det muligt for vores m\u00e6glere at tilbyde unikke muligheder til vores klienter. Rollen kr\u00e6ver en kombination af grundig research og evnen til at forudse markedsskift, f\u00f8r de sker.<\/p><ul data-path-to-node=\"6\"><li><p data-path-to-node=\"6,0,0\">Udf\u00f8re dybdeg\u00e5ende research af internationale ejendomstendenser og priss\u00e6tning<\/p><\/li><li><p data-path-to-node=\"6,1,0\">Identificere h\u00f8jv\u00e6kst-investeringsmuligheder i diverse geografiske omr\u00e5der<\/p><\/li><li><p data-path-to-node=\"6,2,0\">Udarbejde detaljerede markedsrapporter og briefings til m\u00e6glerteamet<\/p><\/li><li><p data-path-to-node=\"6,3,0\">Overv\u00e5ge \u00f8konomiske indikatorer og lovgivningsm\u00e6ssige \u00e6ndringer, der p\u00e5virker ejendomsmarkederne<\/p><\/li><li><p data-path-to-node=\"6,4,0\">Samarbejde med salgsteamet om at afstemme markedsdata med kundernes behov<\/p><\/li><\/ul><p data-path-to-node=\"7\"><b data-path-to-node=\"7\" data-index-in-node=\"0\">Alle ans\u00f8gninger skal fremsendes til: all@atlas-nordic.com<\/b><\/p>\t\t\t\t\t\t\t\t<\/div>\n\t\t\t\t<\/div>\n\t\t\t\t<\/div>\n\t\t\t\t\t<\/details>\n\t\t\t\t\t\t<details id=\"e-n-accordion-item-1272\" class=\"e-n-accordion-item\" >\n\t\t\t\t<summary class=\"e-n-accordion-item-title\" data-accordion-index=\"3\" tabindex=\"-1\" aria-expanded=\"false\" aria-controls=\"e-n-accordion-item-1272\" >\n\t\t\t\t\t<span class='e-n-accordion-item-title-header'><div class=\"e-n-accordion-item-title-text\"> HR Ansvarlig <\/div><\/span>\n\t\t\t\t\t\t\t<span class='e-n-accordion-item-title-icon'>\n\t\t\t<span class='e-opened' ><svg aria-hidden=\"true\" class=\"e-font-icon-svg e-fas-minus\" viewbox=\"0 0 448 512\" xmlns=\"http:\/\/www.w3.org\/2000\/svg\"><path d=\"M416 208H32c-17.67 0-32 14.33-32 32v32c0 17.67 14.33 32 32 32h384c17.67 0 32-14.33 32-32v-32c0-17.67-14.33-32-32-32z\"><\/path><\/svg><\/span>\n\t\t\t<span class='e-closed'><svg aria-hidden=\"true\" class=\"e-font-icon-svg e-fas-plus\" viewbox=\"0 0 448 512\" xmlns=\"http:\/\/www.w3.org\/2000\/svg\"><path d=\"M416 208H272V64c0-17.67-14.33-32-32-32h-32c-17.67 0-32 14.33-32 32v144H32c-17.67 0-32 14.33-32 32v32c0 17.67 14.33 32 32 32h144v144c0 17.67 14.33 32 32 32h32c17.67 0 32-14.33 32-32V304h144c17.67 0 32-14.33 32-32v-32c0-17.67-14.33-32-32-32z\"><\/path><\/svg><\/span>\n\t\t<\/span>\n\n\t\t\t\t\t\t<\/summary>\n\t\t\t\t<div role=\"region\" aria-labelledby=\"e-n-accordion-item-1272\" class=\"elementor-element elementor-element-ef6648b e-con-full e-flex e-con e-child\" data-id=\"ef6648b\" data-element_type=\"container\" data-e-type=\"container\">\n\t\t\t\t<div class=\"elementor-element elementor-element-b493816 elementor-widget elementor-widget-text-editor\" data-id=\"b493816\" data-element_type=\"widget\" data-e-type=\"widget\" data-widget_type=\"text-editor.default\">\n\t\t\t\t<div class=\"elementor-widget-container\">\n\t\t\t\t\t\t\t\t\t<p data-path-to-node=\"10\"><b data-path-to-node=\"10\" data-index-in-node=\"0\">Ledige stillinger p\u00e5 vores kontorer i Dubai og Manila<\/b><\/p><p data-path-to-node=\"11\">I denne stilling vil du v\u00e6re rygraden i vores indsats for talenttiltr\u00e6kning og medarbejderengagement. Din prim\u00e6re opgave er at sikre, at Atlas Nordic tiltr\u00e6kker og fastholder de bedste talenter i branchen. Du vil st\u00e5 for hele rekrutteringsprocessen og fremme en pr\u00e6stationskultur, der lever op til vores ry for ekspertise p\u00e5 det internationale marked.<\/p><ul data-path-to-node=\"12\"><li><p data-path-to-node=\"12,0,0\">Sourcing og rekruttering af toptalenter til vores globale kontorer<\/p><\/li><li><p data-path-to-node=\"12,1,0\">H\u00e5ndtere onboarding-processen for at sikre en gnidningsl\u00f8s integration af nyansatte<\/p><\/li><li><p data-path-to-node=\"12,2,0\">Ansvarlig for medarbejderudviklingssamtaler og individuelle udviklingsplaner<\/p><\/li><li><p data-path-to-node=\"12,3,0\">Vedligeholde og opdatere interne HR-politikker i overensstemmelse med lokal lovgivning<\/p><\/li><li><p data-path-to-node=\"12,4,0\">Fungere som den prim\u00e6re kontaktperson for medarbejderrelationer og kontorkultur<\/p><\/li><\/ul><p data-path-to-node=\"13\"><b data-path-to-node=\"13\" data-index-in-node=\"0\">Alle ans\u00f8gninger skal fremsendes til: all@atlas-nordic.com<\/b><\/p>\t\t\t\t\t\t\t\t<\/div>\n\t\t\t\t<\/div>\n\t\t\t\t<\/div>\n\t\t\t\t\t<\/details>\n\t\t\t\t\t<\/div>\n\t\t\t\t\t\t<\/div>\n\t\t\t\t<\/div>\n\t\t\t\t\t<\/div>\n\t\t\t\t<\/div>\n\t\t\t\t<\/div>\n\t\t\t\t<\/div>","protected":false},"excerpt":{"rendered":"<p>Ready for a new career? We are always looking for new talent for our motivated team. All applications, including unsolicited ones sent with a CV to all@atlas-nordic.com, are handled by our HR office, which conducts screenings and interviews. Current Job Openings Key Account Managers Openings available at our Dubai and Manila office In this position [&hellip;]<\/p>\n","protected":false},"author":1,"featured_media":0,"parent":0,"menu_order":0,"comment_status":"closed","ping_status":"closed","template":"elementor_header_footer","meta":{"_uag_custom_page_level_css":"","site-sidebar-layout":"no-sidebar","site-content-layout":"page-builder","ast-site-content-layout":"full-width-container","site-content-style":"unboxed","site-sidebar-style":"unboxed","ast-global-header-display":"","ast-banner-title-visibility":"","ast-main-header-display":"","ast-hfb-above-header-display":"","ast-hfb-below-header-display":"","ast-hfb-mobile-header-display":"","site-post-title":"","ast-breadcrumbs-content":"","ast-featured-img":"disabled","footer-sml-layout":"","ast-disable-related-posts":"","theme-transparent-header-meta":"disabled","adv-header-id-meta":"","stick-header-meta":"","header-above-stick-meta":"","header-main-stick-meta":"","header-below-stick-meta":"","astra-migrate-meta-layouts":"set","ast-page-background-enabled":"default","ast-page-background-meta":{"desktop":{"background-color":"","background-image":"","background-repeat":"repeat","background-position":"center center","background-size":"auto","background-attachment":"scroll","background-type":"","background-media":"","overlay-type":"","overlay-color":"","overlay-opacity":"","overlay-gradient":""},"tablet":{"background-color":"","background-image":"","background-repeat":"repeat","background-position":"center center","background-size":"auto","background-attachment":"scroll","background-type":"","background-media":"","overlay-type":"","overlay-color":"","overlay-opacity":"","overlay-gradient":""},"mobile":{"background-color":"","background-image":"","background-repeat":"repeat","background-position":"center center","background-size":"auto","background-attachment":"scroll","background-type":"","background-media":"","overlay-type":"","overlay-color":"","overlay-opacity":"","overlay-gradient":""}},"ast-content-background-meta":{"desktop":{"background-color":"var(--ast-global-color-5)","background-image":"","background-repeat":"repeat","background-position":"center center","background-size":"auto","background-attachment":"scroll","background-type":"","background-media":"","overlay-type":"","overlay-color":"","overlay-opacity":"","overlay-gradient":""},"tablet":{"background-color":"var(--ast-global-color-5)","background-image":"","background-repeat":"repeat","background-position":"center center","background-size":"auto","background-attachment":"scroll","background-type":"","background-media":"","overlay-type":"","overlay-color":"","overlay-opacity":"","overlay-gradient":""},"mobile":{"background-color":"var(--ast-global-color-5)","background-image":"","background-repeat":"repeat","background-position":"center center","background-size":"auto","background-attachment":"scroll","background-type":"","background-media":"","overlay-type":"","overlay-color":"","overlay-opacity":"","overlay-gradient":""}},"footnotes":""},"class_list":["post-1492","page","type-page","status-publish","hentry"],"aioseo_notices":[],"_hostinger_reach_plugin_has_subscription_block":false,"_hostinger_reach_plugin_is_elementor":false,"uagb_featured_image_src":{"full":false,"thumbnail":false,"medium":false,"medium_large":false,"large":false,"1536x1536":false,"2048x2048":false,"trp-custom-language-flag":false},"uagb_author_info":{"display_name":"nielsengroupph@gmail.com","author_link":"https:\/\/atlas-nordicltd.com\/da\/author\/nielsengroupphgmail-com\/"},"uagb_comment_info":0,"uagb_excerpt":"Ready for a new career? We are always looking for new talent for our motivated team. All applications, including unsolicited ones sent with a CV to all@atlas-nordic.com, are handled by our HR office, which conducts screenings and interviews. Current Job Openings Key Account Managers Openings available at our Dubai and Manila office In this position&hellip;","_links":{"self":[{"href":"https:\/\/atlas-nordicltd.com\/da\/wp-json\/wp\/v2\/pages\/1492","targetHints":{"allow":["GET"]}}],"collection":[{"href":"https:\/\/atlas-nordicltd.com\/da\/wp-json\/wp\/v2\/pages"}],"about":[{"href":"https:\/\/atlas-nordicltd.com\/da\/wp-json\/wp\/v2\/types\/page"}],"author":[{"embeddable":true,"href":"https:\/\/atlas-nordicltd.com\/da\/wp-json\/wp\/v2\/users\/1"}],"replies":[{"embeddable":true,"href":"https:\/\/atlas-nordicltd.com\/da\/wp-json\/wp\/v2\/comments?post=1492"}],"version-history":[{"count":19,"href":"https:\/\/atlas-nordicltd.com\/da\/wp-json\/wp\/v2\/pages\/1492\/revisions"}],"predecessor-version":[{"id":3508,"href":"https:\/\/atlas-nordicltd.com\/da\/wp-json\/wp\/v2\/pages\/1492\/revisions\/3508"}],"wp:attachment":[{"href":"https:\/\/atlas-nordicltd.com\/da\/wp-json\/wp\/v2\/media?parent=1492"}],"curies":[{"name":"wp","href":"https:\/\/api.w.org\/{rel}","templated":true}]}}