{"id":3365,"date":"2026-02-16T09:27:21","date_gmt":"2026-02-16T09:27:21","guid":{"rendered":"https:\/\/atlas-nordicltd.com\/?page_id=3365"},"modified":"2026-03-03T07:47:16","modified_gmt":"2026-03-03T07:47:16","slug":"alternative-asset","status":"publish","type":"page","link":"https:\/\/atlas-nordicltd.com\/da\/alternative-asset\/","title":{"rendered":"Alternativt aktiv"},"content":{"rendered":"<div data-elementor-type=\"wp-page\" data-elementor-id=\"3365\" class=\"elementor elementor-3365\">\n\t\t\t\t<div class=\"elementor-element elementor-element-0c36637 e-con-full e-flex e-con e-parent\" data-id=\"0c36637\" data-element_type=\"container\" data-e-type=\"container\" data-settings=\"{&quot;background_background&quot;:&quot;classic&quot;}\">\n\t\t<div class=\"elementor-element elementor-element-34d4d96 e-con-full e-flex e-con e-child\" data-id=\"34d4d96\" data-element_type=\"container\" data-e-type=\"container\">\n\t\t\t\t<div class=\"elementor-element elementor-element-47843a2 elementor-widget elementor-widget-heading\" data-id=\"47843a2\" data-element_type=\"widget\" data-e-type=\"widget\" data-widget_type=\"heading.default\">\n\t\t\t\t<div class=\"elementor-widget-container\">\n\t\t\t\t\t<h1 class=\"elementor-heading-title elementor-size-default\">L\u00e5s op for fremtidens ejendomsinvesteringer<\/h1>\t\t\t\t<\/div>\n\t\t\t\t<\/div>\n\t\t\t\t<div class=\"elementor-element elementor-element-fd47404 elementor-widget elementor-widget-text-editor\" data-id=\"fd47404\" data-element_type=\"widget\" data-e-type=\"widget\" data-widget_type=\"text-editor.default\">\n\t\t\t\t<div class=\"elementor-widget-container\">\n\t\t\t\t\t\t\t\t\t<p>Bliv partner med os i udvikling, udlejning eller forvaltning af ejendomsbaserede projekter.<\/p>\t\t\t\t\t\t\t\t<\/div>\n\t\t\t\t<\/div>\n\t\t\t\t<\/div>\n\t\t\t\t<\/div>\n\t\t<div class=\"elementor-element elementor-element-9d41451 e-con-full e-flex e-con e-parent\" data-id=\"9d41451\" data-element_type=\"container\" data-e-type=\"container\">\n\t\t<div class=\"elementor-element elementor-element-79ca01a e-flex e-con-boxed e-con e-child\" data-id=\"79ca01a\" data-element_type=\"container\" data-e-type=\"container\">\n\t\t\t\t\t<div class=\"e-con-inner\">\n\t\t\t\t<div class=\"elementor-element elementor-element-69923a2 elementor-widget elementor-widget-text-editor\" data-id=\"69923a2\" data-element_type=\"widget\" data-e-type=\"widget\" data-widget_type=\"text-editor.default\">\n\t\t\t\t<div class=\"elementor-widget-container\">\n\t\t\t\t\t\t\t\t\t<p>Verdenen for alternative ejendomsinvesteringer vokser hurtigt \u2013 den bliver mere professionel, innovativ og fyldt med muligheder. Hos Atlas Nordic kombinerer vi dyb ekspertise inden for nye aktivklasser med p\u00e5lidelige kapitalkilder for at skr\u00e6ddersy strategiske l\u00f8sninger, der stemmer overens med dine m\u00e5l.<\/p><p>Fra identificering af muligheder med h\u00f8jt potentiale til strukturering af handler gennem forward funding- eller k\u00f8bsmodeller, skaber vi klarhed og v\u00e6rdi i hvert eneste skridt. Vi matcher dig omhyggeligt med erfarne udviklere og specialiserede operat\u00f8rer, og yder strategisk r\u00e5dgivning omkring udlejnings- eller administrationskontrakter.<\/p><p>Med st\u00f8tte fra et betroet globalt netv\u00e6rk p\u00e5 tv\u00e6rs af mere end 12 lande sikrer vi hurtig og direkte adgang til kapitalpartnere med dokumenterede resultater inden for nichemarkeder.<\/p>\t\t\t\t\t\t\t\t<\/div>\n\t\t\t\t<\/div>\n\t\t\t\t\t<\/div>\n\t\t\t\t<\/div>\n\t\t<div class=\"elementor-element elementor-element-dc7a819 e-flex e-con-boxed e-con e-child\" data-id=\"dc7a819\" data-element_type=\"container\" data-e-type=\"container\">\n\t\t\t\t\t<div class=\"e-con-inner\">\n\t\t\t\t<div class=\"elementor-element elementor-element-d1412c8 elementor-widget elementor-widget-image\" data-id=\"d1412c8\" data-element_type=\"widget\" data-e-type=\"widget\" data-widget_type=\"image.default\">\n\t\t\t\t<div class=\"elementor-widget-container\">\n\t\t\t\t\t\t\t\t\t\t\t\t\t\t\t<img fetchpriority=\"high\" decoding=\"async\" width=\"683\" height=\"1024\" src=\"https:\/\/atlas-nordicltd.com\/wp-content\/uploads\/2026\/03\/full-shot-three-business-people-sitting-each-other-683x1024.jpg\" class=\"attachment-large size-large wp-image-3501\" alt=\"\" srcset=\"https:\/\/atlas-nordicltd.com\/wp-content\/uploads\/2026\/03\/full-shot-three-business-people-sitting-each-other-683x1024.jpg 683w, https:\/\/atlas-nordicltd.com\/wp-content\/uploads\/2026\/03\/full-shot-three-business-people-sitting-each-other-200x300.jpg 200w, https:\/\/atlas-nordicltd.com\/wp-content\/uploads\/2026\/03\/full-shot-three-business-people-sitting-each-other-768x1151.jpg 768w, https:\/\/atlas-nordicltd.com\/wp-content\/uploads\/2026\/03\/full-shot-three-business-people-sitting-each-other-1025x1536.jpg 1025w, https:\/\/atlas-nordicltd.com\/wp-content\/uploads\/2026\/03\/full-shot-three-business-people-sitting-each-other-1367x2048.jpg 1367w, https:\/\/atlas-nordicltd.com\/wp-content\/uploads\/2026\/03\/full-shot-three-business-people-sitting-each-other-scaled.jpg 1709w\" sizes=\"(max-width: 683px) 100vw, 683px\" \/>\t\t\t\t\t\t\t\t\t\t\t\t\t\t\t<\/div>\n\t\t\t\t<\/div>\n\t\t\t\t\t<\/div>\n\t\t\t\t<\/div>\n\t\t\t\t<\/div>\n\t\t<div class=\"elementor-element elementor-element-a77c1a1 e-con-full e-flex e-con e-parent\" data-id=\"a77c1a1\" data-element_type=\"container\" data-e-type=\"container\">\n\t\t<div class=\"elementor-element elementor-element-4472201 e-flex e-con-boxed e-con e-child\" data-id=\"4472201\" data-element_type=\"container\" data-e-type=\"container\">\n\t\t\t\t\t<div class=\"e-con-inner\">\n\t\t\t\t<div class=\"elementor-element elementor-element-93d669e elementor-widget elementor-widget-heading\" data-id=\"93d669e\" data-element_type=\"widget\" data-e-type=\"widget\" data-widget_type=\"heading.default\">\n\t\t\t\t<div class=\"elementor-widget-container\">\n\t\t\t\t\t<h2 class=\"elementor-heading-title elementor-size-default\">Hvorfor udforske alternative ejendomsinvesteringer?<\/h2>\t\t\t\t<\/div>\n\t\t\t\t<\/div>\n\t\t\t\t<div class=\"elementor-element elementor-element-423267c elementor-widget elementor-widget-text-editor\" data-id=\"423267c\" data-element_type=\"widget\" data-e-type=\"widget\" data-widget_type=\"text-editor.default\">\n\t\t\t\t<div class=\"elementor-widget-container\">\n\t\t\t\t\t\t\t\t\t<div class=\"elementor-element elementor-element-29215dd elementor-widget elementor-widget-text-editor\" data-id=\"29215dd\" data-element_type=\"widget\" data-settings=\"{&quot;_animation&quot;:&quot;none&quot;}\" data-widget_type=\"text-editor.default\"><div class=\"elementor-widget-container\"><p data-pm-slice=\"1 1 []\">H\u00f8jefterspurgte markeder, h\u00f8jaktuelle aktiver.<\/p><\/div><\/div>\t\t\t\t\t\t\t\t<\/div>\n\t\t\t\t<\/div>\n\t\t\t\t\t<\/div>\n\t\t\t\t<\/div>\n\t\t<div class=\"elementor-element elementor-element-6eeeed9 e-flex e-con-boxed e-con e-child\" data-id=\"6eeeed9\" data-element_type=\"container\" data-e-type=\"container\">\n\t\t\t\t\t<div class=\"e-con-inner\">\n\t\t\t\t<div class=\"elementor-element elementor-element-b3868bd eael-infobox-content-align--left elementor-widget elementor-widget-eael-info-box\" data-id=\"b3868bd\" data-element_type=\"widget\" data-e-type=\"widget\" data-widget_type=\"eael-info-box.default\">\n\t\t\t\t<div class=\"elementor-widget-container\">\n\t\t\t\t\t        <div class=\"eael-infobox icon-on-top\">\n\t            <div class=\"infobox-content\">\n                    <div class=\"infobox-title-section\">\n                <h2 class=\"title\">Intelligente og sikre investeringer<\/h2>            <\/div>\n            <div><p>Parkeringspladser og depotrum tilbyder stabile afkast og lav kompleksitet. Disse aktiver er s\u00e6rligt attraktive i byomr\u00e5der som M\u00e1laga, Manila, Lissabon, Zagreb, Nice og Porto, hvor en vedvarende eftersp\u00f8rgsel g\u00f8r dem til en intelligent investeringsmulighed med lav risiko.<\/p><\/div>        <\/div>\n            <\/div>\n\n\t\t\t\t\t\t<\/div>\n\t\t\t\t<\/div>\n\t\t\t\t<div class=\"elementor-element elementor-element-9321f77 eael-infobox-content-align--left elementor-widget elementor-widget-eael-info-box\" data-id=\"9321f77\" data-element_type=\"widget\" data-e-type=\"widget\" data-widget_type=\"eael-info-box.default\">\n\t\t\t\t<div class=\"elementor-widget-container\">\n\t\t\t\t\t        <div class=\"eael-infobox icon-on-top\">\n\t            <div class=\"infobox-content\">\n                    <div class=\"infobox-title-section\">\n                <h2 class=\"title\">Gr\u00f8n infrastruktur, reelle afkast<\/h2>            <\/div>\n            <div><p>Omstillingen til vedvarende energi kr\u00e6ver optimale placeringer til infrastruktur \u2013 fra transport til teknologi. Disse projekter er yderst lukrative og \u00e5bner d\u00f8re for offentlig-private partnerskaber, is\u00e6r i markeder som Portugal, hvor fornyelse af infrastrukturen er en national prioritet.<\/p><\/div>        <\/div>\n            <\/div>\n\n\t\t\t\t\t\t<\/div>\n\t\t\t\t<\/div>\n\t\t\t\t<div class=\"elementor-element elementor-element-3e3c489 eael-infobox-content-align--left elementor-widget elementor-widget-eael-info-box\" data-id=\"3e3c489\" data-element_type=\"widget\" data-e-type=\"widget\" data-widget_type=\"eael-info-box.default\">\n\t\t\t\t<div class=\"elementor-widget-container\">\n\t\t\t\t\t        <div class=\"eael-infobox icon-on-top\">\n\t            <div class=\"infobox-content\">\n                    <div class=\"infobox-title-section\">\n                <h2 class=\"title\">Livsstilsaktiver der leverer resultater<\/h2>            <\/div>\n            <div><p>Portugals pulserende turisme- og livsstilssektorer driver eftersp\u00f8rgslen p\u00e5 alternative fritidsaktiver. Herunder golfbaner, lystb\u00e5dehavne, fitnesscentre, wellness-spas, F&amp;B-hubs og meget mere \u2013 hvilket tilbyder et langsigtet potentiale i et marked i v\u00e6kst.<\/p><\/div>        <\/div>\n            <\/div>\n\n\t\t\t\t\t\t<\/div>\n\t\t\t\t<\/div>\n\t\t\t\t\t<\/div>\n\t\t\t\t<\/div>\n\t\t\t\t<\/div>\n\t\t\t\t<\/div>","protected":false},"excerpt":{"rendered":"<p>Unlock the Future of Real Estate Opportunities Partner with us to develop, lease, or manage ventures driven by real estate. The world of alternative real estate investment is growing fast\u2014becoming more professional, innovative, and full of opportunity. At Atlas Nordic, we combine deep expertise in emerging asset classes with reliable capital sources to tailor strategic [&hellip;]<\/p>\n","protected":false},"author":1,"featured_media":0,"parent":0,"menu_order":0,"comment_status":"closed","ping_status":"closed","template":"elementor_header_footer","meta":{"_uag_custom_page_level_css":"","site-sidebar-layout":"default","site-content-layout":"","ast-site-content-layout":"full-width-container","site-content-style":"default","site-sidebar-style":"default","ast-global-header-display":"","ast-banner-title-visibility":"","ast-main-header-display":"","ast-hfb-above-header-display":"","ast-hfb-below-header-display":"","ast-hfb-mobile-header-display":"","site-post-title":"","ast-breadcrumbs-content":"","ast-featured-img":"","footer-sml-layout":"","ast-disable-related-posts":"","theme-transparent-header-meta":"","adv-header-id-meta":"","stick-header-meta":"","header-above-stick-meta":"","header-main-stick-meta":"","header-below-stick-meta":"","astra-migrate-meta-layouts":"set","ast-page-background-enabled":"default","ast-page-background-meta":{"desktop":{"background-color":"","background-image":"","background-repeat":"repeat","background-position":"center center","background-size":"auto","background-attachment":"scroll","background-type":"","background-media":"","overlay-type":"","overlay-color":"","overlay-opacity":"","overlay-gradient":""},"tablet":{"background-color":"","background-image":"","background-repeat":"repeat","background-position":"center center","background-size":"auto","background-attachment":"scroll","background-type":"","background-media":"","overlay-type":"","overlay-color":"","overlay-opacity":"","overlay-gradient":""},"mobile":{"background-color":"","background-image":"","background-repeat":"repeat","background-position":"center center","background-size":"auto","background-attachment":"scroll","background-type":"","background-media":"","overlay-type":"","overlay-color":"","overlay-opacity":"","overlay-gradient":""}},"ast-content-background-meta":{"desktop":{"background-color":"var(--ast-global-color-5)","background-image":"","background-repeat":"repeat","background-position":"center center","background-size":"auto","background-attachment":"scroll","background-type":"","background-media":"","overlay-type":"","overlay-color":"","overlay-opacity":"","overlay-gradient":""},"tablet":{"background-color":"var(--ast-global-color-5)","background-image":"","background-repeat":"repeat","background-position":"center center","background-size":"auto","background-attachment":"scroll","background-type":"","background-media":"","overlay-type":"","overlay-color":"","overlay-opacity":"","overlay-gradient":""},"mobile":{"background-color":"var(--ast-global-color-5)","background-image":"","background-repeat":"repeat","background-position":"center center","background-size":"auto","background-attachment":"scroll","background-type":"","background-media":"","overlay-type":"","overlay-color":"","overlay-opacity":"","overlay-gradient":""}},"footnotes":""},"class_list":["post-3365","page","type-page","status-publish","hentry"],"aioseo_notices":[],"_hostinger_reach_plugin_has_subscription_block":false,"_hostinger_reach_plugin_is_elementor":false,"uagb_featured_image_src":{"full":false,"thumbnail":false,"medium":false,"medium_large":false,"large":false,"1536x1536":false,"2048x2048":false,"trp-custom-language-flag":false},"uagb_author_info":{"display_name":"nielsengroupph@gmail.com","author_link":"https:\/\/atlas-nordicltd.com\/da\/author\/nielsengroupphgmail-com\/"},"uagb_comment_info":0,"uagb_excerpt":"Unlock the Future of Real Estate Opportunities Partner with us to develop, lease, or manage ventures driven by real estate. The world of alternative real estate investment is growing fast\u2014becoming more professional, innovative, and full of opportunity. At Atlas Nordic, we combine deep expertise in emerging asset classes with reliable capital sources to tailor strategic&hellip;","_links":{"self":[{"href":"https:\/\/atlas-nordicltd.com\/da\/wp-json\/wp\/v2\/pages\/3365","targetHints":{"allow":["GET"]}}],"collection":[{"href":"https:\/\/atlas-nordicltd.com\/da\/wp-json\/wp\/v2\/pages"}],"about":[{"href":"https:\/\/atlas-nordicltd.com\/da\/wp-json\/wp\/v2\/types\/page"}],"author":[{"embeddable":true,"href":"https:\/\/atlas-nordicltd.com\/da\/wp-json\/wp\/v2\/users\/1"}],"replies":[{"embeddable":true,"href":"https:\/\/atlas-nordicltd.com\/da\/wp-json\/wp\/v2\/comments?post=3365"}],"version-history":[{"count":30,"href":"https:\/\/atlas-nordicltd.com\/da\/wp-json\/wp\/v2\/pages\/3365\/revisions"}],"predecessor-version":[{"id":3504,"href":"https:\/\/atlas-nordicltd.com\/da\/wp-json\/wp\/v2\/pages\/3365\/revisions\/3504"}],"wp:attachment":[{"href":"https:\/\/atlas-nordicltd.com\/da\/wp-json\/wp\/v2\/media?parent=3365"}],"curies":[{"name":"wp","href":"https:\/\/api.w.org\/{rel}","templated":true}]}}